{"id":12,"date":"2026-04-13T17:00:49","date_gmt":"2026-04-13T17:00:49","guid":{"rendered":"https:\/\/kenzapierre-avocat.fr\/?page_id=12"},"modified":"2026-04-13T17:00:49","modified_gmt":"2026-04-13T17:00:49","slug":"domaines-dintervention","status":"publish","type":"page","link":"https:\/\/kenzapierre-avocat.fr\/index.php\/domaines-dintervention\/","title":{"rendered":"Domaines d\u2019intervention"},"content":{"rendered":"\n<p>Droit de la famille : Divorce, s\u00e9paration, garde d\u2019enfants, pension alimentaire.<\/p>\n\n\n\n<p>Droit des \u00e9trangers : Refus de titres de s\u00e9jour, regroupement familial, mesures d\u2019\u00e9loignement. <\/p>\n\n\n\n<p>Droit public : Fonction publique, responsabilit\u00e9 administrative, responsabilit\u00e9 hospitali\u00e8re, march\u00e9s publics, recours contre les d\u00e9cisions de l\u2019administration.<\/p>\n\n\n\n<p><\/p>\n","protected":false},"excerpt":{"rendered":"<p>Droit de la famille : Divorce, s\u00e9paration, garde d\u2019enfants, pension alimentaire. Droit des \u00e9trangers : Refus de titres de s\u00e9jour, regroupement familial, mesures d\u2019\u00e9loignement. Droit public : Fonction publique, responsabilit\u00e9 administrative, responsabilit\u00e9 hospitali\u00e8re, march\u00e9s publics, recours contre les d\u00e9cisions de l\u2019administration.<\/p>\n","protected":false},"author":1,"featured_media":0,"parent":0,"menu_order":0,"comment_status":"closed","ping_status":"closed","template":"","meta":{"footnotes":""},"class_list":["post-12","page","type-page","status-publish","hentry"],"_links":{"self":[{"href":"https:\/\/kenzapierre-avocat.fr\/index.php\/wp-json\/wp\/v2\/pages\/12","targetHints":{"allow":["GET"]}}],"collection":[{"href":"https:\/\/kenzapierre-avocat.fr\/index.php\/wp-json\/wp\/v2\/pages"}],"about":[{"href":"https:\/\/kenzapierre-avocat.fr\/index.php\/wp-json\/wp\/v2\/types\/page"}],"author":[{"embeddable":true,"href":"https:\/\/kenzapierre-avocat.fr\/index.php\/wp-json\/wp\/v2\/users\/1"}],"replies":[{"embeddable":true,"href":"https:\/\/kenzapierre-avocat.fr\/index.php\/wp-json\/wp\/v2\/comments?post=12"}],"version-history":[{"count":1,"href":"https:\/\/kenzapierre-avocat.fr\/index.php\/wp-json\/wp\/v2\/pages\/12\/revisions"}],"predecessor-version":[{"id":13,"href":"https:\/\/kenzapierre-avocat.fr\/index.php\/wp-json\/wp\/v2\/pages\/12\/revisions\/13"}],"wp:attachment":[{"href":"https:\/\/kenzapierre-avocat.fr\/index.php\/wp-json\/wp\/v2\/media?parent=12"}],"curies":[{"name":"wp","href":"https:\/\/api.w.org\/{rel}","templated":true}]}}