{"id":14,"date":"2026-04-13T17:06:38","date_gmt":"2026-04-13T17:06:38","guid":{"rendered":"https:\/\/kenzapierre-avocat.fr\/?page_id=14"},"modified":"2026-04-13T17:53:11","modified_gmt":"2026-04-13T17:53:11","slug":"a-propos","status":"publish","type":"page","link":"https:\/\/kenzapierre-avocat.fr\/index.php\/a-propos\/","title":{"rendered":"A propos"},"content":{"rendered":"\n<p>Maitre Kenza Pierre &#8211; Avocate<\/p>\n\n\n\n<figure class=\"wp-block-image size-large\"><img loading=\"lazy\" decoding=\"async\" width=\"775\" height=\"1024\" src=\"https:\/\/kenzapierre-avocat.fr\/wp-content\/uploads\/2026\/04\/7347fab7-deed-4a93-bd6d-72298522dd8a-775x1024.jpeg\" alt=\"\" class=\"wp-image-15\" srcset=\"https:\/\/kenzapierre-avocat.fr\/wp-content\/uploads\/2026\/04\/7347fab7-deed-4a93-bd6d-72298522dd8a-775x1024.jpeg 775w, https:\/\/kenzapierre-avocat.fr\/wp-content\/uploads\/2026\/04\/7347fab7-deed-4a93-bd6d-72298522dd8a-227x300.jpeg 227w, https:\/\/kenzapierre-avocat.fr\/wp-content\/uploads\/2026\/04\/7347fab7-deed-4a93-bd6d-72298522dd8a-768x1015.jpeg 768w, https:\/\/kenzapierre-avocat.fr\/wp-content\/uploads\/2026\/04\/7347fab7-deed-4a93-bd6d-72298522dd8a.jpeg 808w\" sizes=\"auto, (max-width: 775px) 100vw, 775px\" \/><\/figure>\n\n\n\n<p>Titulaire d\u2019un Master en droit public des affaires, Ma\u00eetre Kenza Pierre a \u00e9t\u00e9 form\u00e9e \u00e0 l\u2019\u00c9cole des avocats du Centre Ouest, o\u00f9 elle a d\u00e9velopp\u00e9 une solide rigueur juridique ainsi qu\u2019un profond sens de l\u2019engagement. <\/p>\n\n\n\n<p>Si son parcours initial s\u2019inscrit en droit public, c\u2019est au cours de sa formation \u00e0 l\u2019\u00e9cole d\u2019avocats qu\u2019elle d\u00e9couvre le droit de la famille, une mati\u00e8re pour laquelle elle se passionne imm\u00e9diatement.<\/p>\n\n\n\n<p>Anim\u00e9e depuis toujours par le d\u00e9sir de d\u00e9fendre, Kenza Pierre exerce aujourd\u2019hui avec conviction et humanit\u00e9, en pla\u00e7ant l\u2019\u00e9coute et la confiance au c\u0153ur de sa pratique. Elle est particuli\u00e8rement attach\u00e9e \u00e0 sa mission : porter la voix de celles et ceux qui lui accordent leur confiance.<\/p>\n\n\n\n<p>Elle intervient principalement en droit de la famille, en droit public ainsi qu\u2019en droit des \u00e9trangers.<\/p>\n\n\n\n<p><\/p>\n","protected":false},"excerpt":{"rendered":"<p>Maitre Kenza Pierre &#8211; Avocate Titulaire d\u2019un Master en droit public des affaires, Ma\u00eetre Kenza Pierre a \u00e9t\u00e9 form\u00e9e \u00e0 l\u2019\u00c9cole des avocats du Centre Ouest, o\u00f9 elle a d\u00e9velopp\u00e9 une solide rigueur juridique ainsi qu\u2019un profond sens de l\u2019engagement. Si son parcours initial s\u2019inscrit en droit public, c\u2019est au cours de sa formation \u00e0 [&hellip;]<\/p>\n","protected":false},"author":1,"featured_media":0,"parent":0,"menu_order":0,"comment_status":"closed","ping_status":"closed","template":"","meta":{"footnotes":""},"class_list":["post-14","page","type-page","status-publish","hentry"],"_links":{"self":[{"href":"https:\/\/kenzapierre-avocat.fr\/index.php\/wp-json\/wp\/v2\/pages\/14","targetHints":{"allow":["GET"]}}],"collection":[{"href":"https:\/\/kenzapierre-avocat.fr\/index.php\/wp-json\/wp\/v2\/pages"}],"about":[{"href":"https:\/\/kenzapierre-avocat.fr\/index.php\/wp-json\/wp\/v2\/types\/page"}],"author":[{"embeddable":true,"href":"https:\/\/kenzapierre-avocat.fr\/index.php\/wp-json\/wp\/v2\/users\/1"}],"replies":[{"embeddable":true,"href":"https:\/\/kenzapierre-avocat.fr\/index.php\/wp-json\/wp\/v2\/comments?post=14"}],"version-history":[{"count":2,"href":"https:\/\/kenzapierre-avocat.fr\/index.php\/wp-json\/wp\/v2\/pages\/14\/revisions"}],"predecessor-version":[{"id":27,"href":"https:\/\/kenzapierre-avocat.fr\/index.php\/wp-json\/wp\/v2\/pages\/14\/revisions\/27"}],"wp:attachment":[{"href":"https:\/\/kenzapierre-avocat.fr\/index.php\/wp-json\/wp\/v2\/media?parent=14"}],"curies":[{"name":"wp","href":"https:\/\/api.w.org\/{rel}","templated":true}]}}