{"id":7,"date":"2026-04-13T16:54:32","date_gmt":"2026-04-13T16:54:32","guid":{"rendered":"https:\/\/kenzapierre-avocat.fr\/?page_id=7"},"modified":"2026-04-13T17:31:00","modified_gmt":"2026-04-13T17:31:00","slug":"accueil","status":"publish","type":"page","link":"https:\/\/kenzapierre-avocat.fr\/","title":{"rendered":"Accueil"},"content":{"rendered":"\n<figure class=\"wp-block-image size-full\"><img loading=\"lazy\" decoding=\"async\" width=\"684\" height=\"1024\" src=\"https:\/\/kenzapierre-avocat.fr\/wp-content\/uploads\/2026\/04\/IMG_9649.jpeg\" alt=\"\" class=\"wp-image-8\" srcset=\"https:\/\/kenzapierre-avocat.fr\/wp-content\/uploads\/2026\/04\/IMG_9649.jpeg 684w, https:\/\/kenzapierre-avocat.fr\/wp-content\/uploads\/2026\/04\/IMG_9649-200x300.jpeg 200w\" sizes=\"auto, (max-width: 684px) 100vw, 684px\" \/><\/figure>\n\n\n\n<h2 class=\"wp-block-heading\">Ma\u00eetre Kenza Pierre, Avocate en droit Public, Droit des \u00c9trangers et Droit de la Famille<\/h2>\n\n\n\n<p>Ma\u00eetre Kenza Pierre, avocate au barreau de Blois, vous accompagne en droit public, droit des \u00e9trangers et droit de la famille. Bas\u00e9e \u00e0 Contres et Blois, je mets mon expertise et mon \u00e9coute \u00e0 votre service pour d\u00e9fendre vos droits.<\/p>\n\n\n\n<p> <\/p>\n\n\n\n<div class=\"wp-block-buttons is-layout-flex wp-block-buttons-is-layout-flex\">\n<div class=\"wp-block-button\"><a class=\"wp-block-button__link wp-element-button\" href=\"https:\/\/kenzapierre-avocat.fr\/?page_id=9\">Prendre rendez-vous<\/a><\/div>\n<\/div>\n\n\n\n<p><\/p>\n","protected":false},"excerpt":{"rendered":"<p>Ma\u00eetre Kenza Pierre, Avocate en droit Public, Droit des \u00c9trangers et Droit de la Famille Ma\u00eetre Kenza Pierre, avocate au barreau de Blois, vous accompagne en droit public, droit des \u00e9trangers et droit de la famille. Bas\u00e9e \u00e0 Contres et Blois, je mets mon expertise et mon \u00e9coute \u00e0 votre service pour d\u00e9fendre vos droits.<\/p>\n","protected":false},"author":1,"featured_media":0,"parent":0,"menu_order":1,"comment_status":"closed","ping_status":"closed","template":"","meta":{"footnotes":""},"class_list":["post-7","page","type-page","status-publish","hentry"],"yoast_head":"<!-- This site is optimized with the Yoast SEO plugin v27.3 - https:\/\/yoast.com\/product\/yoast-seo-wordpress\/ -->\n<title>Accueil - Ma\u00eetre Kenza Pierre - Avocate en Droit Public, Droit des Etrangers et Droit de la famille<\/title>\n<meta name=\"robots\" content=\"index, follow, max-snippet:-1, max-image-preview:large, max-video-preview:-1\" \/>\n<link rel=\"canonical\" href=\"https:\/\/kenzapierre-avocat.fr\/index.php\/accueil\/\" \/>\n<meta property=\"og:locale\" content=\"fr_FR\" \/>\n<meta property=\"og:type\" content=\"article\" \/>\n<meta property=\"og:title\" content=\"Accueil - Ma\u00eetre Kenza Pierre - Avocate en Droit Public, Droit des Etrangers et Droit de la famille\" \/>\n<meta property=\"og:description\" content=\"Ma\u00eetre Kenza Pierre, Avocate en droit Public, Droit des \u00c9trangers et Droit de la Famille Ma\u00eetre Kenza Pierre, avocate au barreau de Blois, vous accompagne en droit public, droit des \u00e9trangers et droit de la famille. Bas\u00e9e \u00e0 Contres et Blois, je mets mon expertise et mon \u00e9coute \u00e0 votre service pour d\u00e9fendre vos droits.\" \/>\n<meta property=\"og:url\" content=\"https:\/\/kenzapierre-avocat.fr\/index.php\/accueil\/\" \/>\n<meta property=\"og:site_name\" content=\"Ma\u00eetre Kenza Pierre - Avocate en Droit Public, Droit des Etrangers et Droit de la famille\" \/>\n<meta property=\"article:modified_time\" content=\"2026-04-13T17:31:00+00:00\" \/>\n<meta property=\"og:image\" content=\"https:\/\/kenzapierre-avocat.fr\/wp-content\/uploads\/2026\/04\/IMG_9649.jpeg\" \/>\n\t<meta property=\"og:image:width\" content=\"684\" \/>\n\t<meta property=\"og:image:height\" content=\"1024\" \/>\n\t<meta property=\"og:image:type\" content=\"image\/jpeg\" \/>\n<meta name=\"twitter:card\" content=\"summary_large_image\" \/>\n<meta name=\"twitter:label1\" content=\"Dur\u00e9e de lecture estim\u00e9e\" \/>\n\t<meta name=\"twitter:data1\" content=\"1 minute\" \/>\n<script type=\"application\/ld+json\" class=\"yoast-schema-graph\">{\"@context\":\"https:\\\/\\\/schema.org\",\"@graph\":[{\"@type\":\"WebPage\",\"@id\":\"https:\\\/\\\/kenzapierre-avocat.fr\\\/index.php\\\/accueil\\\/\",\"url\":\"https:\\\/\\\/kenzapierre-avocat.fr\\\/index.php\\\/accueil\\\/\",\"name\":\"Accueil - Ma\u00eetre Kenza Pierre - Avocate en Droit Public, Droit des Etrangers et Droit de la famille\",\"isPartOf\":{\"@id\":\"https:\\\/\\\/kenzapierre-avocat.fr\\\/#website\"},\"primaryImageOfPage\":{\"@id\":\"https:\\\/\\\/kenzapierre-avocat.fr\\\/index.php\\\/accueil\\\/#primaryimage\"},\"image\":{\"@id\":\"https:\\\/\\\/kenzapierre-avocat.fr\\\/index.php\\\/accueil\\\/#primaryimage\"},\"thumbnailUrl\":\"https:\\\/\\\/kenzapierre-avocat.fr\\\/wp-content\\\/uploads\\\/2026\\\/04\\\/IMG_9649.jpeg\",\"datePublished\":\"2026-04-13T16:54:32+00:00\",\"dateModified\":\"2026-04-13T17:31:00+00:00\",\"breadcrumb\":{\"@id\":\"https:\\\/\\\/kenzapierre-avocat.fr\\\/index.php\\\/accueil\\\/#breadcrumb\"},\"inLanguage\":\"fr-FR\",\"potentialAction\":[{\"@type\":\"ReadAction\",\"target\":[\"https:\\\/\\\/kenzapierre-avocat.fr\\\/index.php\\\/accueil\\\/\"]}]},{\"@type\":\"ImageObject\",\"inLanguage\":\"fr-FR\",\"@id\":\"https:\\\/\\\/kenzapierre-avocat.fr\\\/index.php\\\/accueil\\\/#primaryimage\",\"url\":\"https:\\\/\\\/kenzapierre-avocat.fr\\\/wp-content\\\/uploads\\\/2026\\\/04\\\/IMG_9649.jpeg\",\"contentUrl\":\"https:\\\/\\\/kenzapierre-avocat.fr\\\/wp-content\\\/uploads\\\/2026\\\/04\\\/IMG_9649.jpeg\",\"width\":684,\"height\":1024},{\"@type\":\"BreadcrumbList\",\"@id\":\"https:\\\/\\\/kenzapierre-avocat.fr\\\/index.php\\\/accueil\\\/#breadcrumb\",\"itemListElement\":[{\"@type\":\"ListItem\",\"position\":1,\"name\":\"Accueil\",\"item\":\"https:\\\/\\\/kenzapierre-avocat.fr\\\/index.php\\\/accueil\\\/\"},{\"@type\":\"ListItem\",\"position\":2,\"name\":\"Accueil\"}]},{\"@type\":\"WebSite\",\"@id\":\"https:\\\/\\\/kenzapierre-avocat.fr\\\/#website\",\"url\":\"https:\\\/\\\/kenzapierre-avocat.fr\\\/\",\"name\":\"Ma\u00eetre Kenza Pierre - Avocate en Droit Public, Droit des Etrangers et Droit de la famille\",\"description\":\"Avocate \u00e0 Blois et Contres, exer\u00e7ant en droit public, droit des \u00e9trangers et droit de la famille. Accompagnement juridique personnalis\u00e9.\",\"potentialAction\":[{\"@type\":\"SearchAction\",\"target\":{\"@type\":\"EntryPoint\",\"urlTemplate\":\"https:\\\/\\\/kenzapierre-avocat.fr\\\/?s={search_term_string}\"},\"query-input\":{\"@type\":\"PropertyValueSpecification\",\"valueRequired\":true,\"valueName\":\"search_term_string\"}}],\"inLanguage\":\"fr-FR\"}]}<\/script>\n<!-- \/ Yoast SEO plugin. -->","yoast_head_json":{"title":"Accueil - Ma\u00eetre Kenza Pierre - Avocate en Droit Public, Droit des Etrangers et Droit de la famille","robots":{"index":"index","follow":"follow","max-snippet":"max-snippet:-1","max-image-preview":"max-image-preview:large","max-video-preview":"max-video-preview:-1"},"canonical":"https:\/\/kenzapierre-avocat.fr\/index.php\/accueil\/","og_locale":"fr_FR","og_type":"article","og_title":"Accueil - Ma\u00eetre Kenza Pierre - Avocate en Droit Public, Droit des Etrangers et Droit de la famille","og_description":"Ma\u00eetre Kenza Pierre, Avocate en droit Public, Droit des \u00c9trangers et Droit de la Famille Ma\u00eetre Kenza Pierre, avocate au barreau de Blois, vous accompagne en droit public, droit des \u00e9trangers et droit de la famille. Bas\u00e9e \u00e0 Contres et Blois, je mets mon expertise et mon \u00e9coute \u00e0 votre service pour d\u00e9fendre vos droits.","og_url":"https:\/\/kenzapierre-avocat.fr\/index.php\/accueil\/","og_site_name":"Ma\u00eetre Kenza Pierre - Avocate en Droit Public, Droit des Etrangers et Droit de la famille","article_modified_time":"2026-04-13T17:31:00+00:00","og_image":[{"width":684,"height":1024,"url":"https:\/\/kenzapierre-avocat.fr\/wp-content\/uploads\/2026\/04\/IMG_9649.jpeg","type":"image\/jpeg"}],"twitter_card":"summary_large_image","twitter_misc":{"Dur\u00e9e de lecture estim\u00e9e":"1 minute"},"schema":{"@context":"https:\/\/schema.org","@graph":[{"@type":"WebPage","@id":"https:\/\/kenzapierre-avocat.fr\/index.php\/accueil\/","url":"https:\/\/kenzapierre-avocat.fr\/index.php\/accueil\/","name":"Accueil - Ma\u00eetre Kenza Pierre - Avocate en Droit Public, Droit des Etrangers et Droit de la famille","isPartOf":{"@id":"https:\/\/kenzapierre-avocat.fr\/#website"},"primaryImageOfPage":{"@id":"https:\/\/kenzapierre-avocat.fr\/index.php\/accueil\/#primaryimage"},"image":{"@id":"https:\/\/kenzapierre-avocat.fr\/index.php\/accueil\/#primaryimage"},"thumbnailUrl":"https:\/\/kenzapierre-avocat.fr\/wp-content\/uploads\/2026\/04\/IMG_9649.jpeg","datePublished":"2026-04-13T16:54:32+00:00","dateModified":"2026-04-13T17:31:00+00:00","breadcrumb":{"@id":"https:\/\/kenzapierre-avocat.fr\/index.php\/accueil\/#breadcrumb"},"inLanguage":"fr-FR","potentialAction":[{"@type":"ReadAction","target":["https:\/\/kenzapierre-avocat.fr\/index.php\/accueil\/"]}]},{"@type":"ImageObject","inLanguage":"fr-FR","@id":"https:\/\/kenzapierre-avocat.fr\/index.php\/accueil\/#primaryimage","url":"https:\/\/kenzapierre-avocat.fr\/wp-content\/uploads\/2026\/04\/IMG_9649.jpeg","contentUrl":"https:\/\/kenzapierre-avocat.fr\/wp-content\/uploads\/2026\/04\/IMG_9649.jpeg","width":684,"height":1024},{"@type":"BreadcrumbList","@id":"https:\/\/kenzapierre-avocat.fr\/index.php\/accueil\/#breadcrumb","itemListElement":[{"@type":"ListItem","position":1,"name":"Accueil","item":"https:\/\/kenzapierre-avocat.fr\/index.php\/accueil\/"},{"@type":"ListItem","position":2,"name":"Accueil"}]},{"@type":"WebSite","@id":"https:\/\/kenzapierre-avocat.fr\/#website","url":"https:\/\/kenzapierre-avocat.fr\/","name":"Ma\u00eetre Kenza Pierre - Avocate en Droit Public, Droit des Etrangers et Droit de la famille","description":"Avocate \u00e0 Blois et Contres, exer\u00e7ant en droit public, droit des \u00e9trangers et droit de la famille. Accompagnement juridique personnalis\u00e9.","potentialAction":[{"@type":"SearchAction","target":{"@type":"EntryPoint","urlTemplate":"https:\/\/kenzapierre-avocat.fr\/?s={search_term_string}"},"query-input":{"@type":"PropertyValueSpecification","valueRequired":true,"valueName":"search_term_string"}}],"inLanguage":"fr-FR"}]}},"_links":{"self":[{"href":"https:\/\/kenzapierre-avocat.fr\/index.php\/wp-json\/wp\/v2\/pages\/7","targetHints":{"allow":["GET"]}}],"collection":[{"href":"https:\/\/kenzapierre-avocat.fr\/index.php\/wp-json\/wp\/v2\/pages"}],"about":[{"href":"https:\/\/kenzapierre-avocat.fr\/index.php\/wp-json\/wp\/v2\/types\/page"}],"author":[{"embeddable":true,"href":"https:\/\/kenzapierre-avocat.fr\/index.php\/wp-json\/wp\/v2\/users\/1"}],"replies":[{"embeddable":true,"href":"https:\/\/kenzapierre-avocat.fr\/index.php\/wp-json\/wp\/v2\/comments?post=7"}],"version-history":[{"count":1,"href":"https:\/\/kenzapierre-avocat.fr\/index.php\/wp-json\/wp\/v2\/pages\/7\/revisions"}],"predecessor-version":[{"id":10,"href":"https:\/\/kenzapierre-avocat.fr\/index.php\/wp-json\/wp\/v2\/pages\/7\/revisions\/10"}],"wp:attachment":[{"href":"https:\/\/kenzapierre-avocat.fr\/index.php\/wp-json\/wp\/v2\/media?parent=7"}],"curies":[{"name":"wp","href":"https:\/\/api.w.org\/{rel}","templated":true}]}}